{"id":8,"date":"2024-08-30T07:00:03","date_gmt":"2024-08-30T07:00:03","guid":{"rendered":"https:\/\/demosites.io\/one-page\/?page_id=8"},"modified":"2026-01-05T12:28:28","modified_gmt":"2026-01-05T10:28:28","slug":"da528-homepage","status":"publish","type":"page","link":"https:\/\/www.comptex17.fr\/","title":{"rendered":"Homepage"},"content":{"rendered":"\n<section id=\"services\" class=\"wp-block-themeisle-blocks-advanced-columns alignfull has-1-columns has-desktop-equal-layout has-tablet-equal-layout has-mobile-equal-layout has-vertical-flex-start\"><div class=\"wp-block-themeisle-blocks-advanced-columns-overlay\"><\/div><div class=\"innerblocks-wrap\">\n<div id=\"wp-block-themeisle-blocks-advanced-column-9642dc3f\" class=\"wp-block-themeisle-blocks-advanced-column\">\n<section id=\"wp-block-themeisle-blocks-advanced-columns-62d68e08\" class=\"wp-block-themeisle-blocks-advanced-columns has-1-columns has-desktop-equal-layout has-tablet-equal-layout has-mobile-equal-layout has-vertical-center\"><div class=\"wp-block-themeisle-blocks-advanced-columns-overlay\"><\/div><div class=\"innerblocks-wrap\">\n<div id=\"wp-block-themeisle-blocks-advanced-column-ba020b38\" class=\"wp-block-themeisle-blocks-advanced-column\">\n<p class=\"has-nv-text-dark-bg-color has-text-color has-link-color wp-elements-2ccb18fc360ac366edd8758542c6de9c\">SMART DECISIONS. LASTING VALUE.<\/p>\n\n\n\n<h1 id=\"wp-block-themeisle-blocks-advanced-heading-3041d7bf\" class=\"wp-block-themeisle-blocks-advanced-heading wp-block-themeisle-blocks-advanced-heading-3041d7bf\">Comptex<\/h1>\n\n\n\n<p class=\"has-nv-text-dark-bg-color has-text-color has-link-color has-medium-font-size wp-elements-aa2bbb467ea619b0150c07d1a7df8b68\">La gestion de votre entreprise entre de bonnes mains.<\/p>\n\n\n\n<p class=\"has-nv-text-dark-bg-color has-text-color has-link-color wp-elements-a781bd42999a28cd954e99b30d993149\">+33 (0) 5 46 87 02 12<\/p>\n\n\n\n<div id=\"wp-block-themeisle-blocks-button-group-6cc0b943\" class=\"wp-block-themeisle-blocks-button-group collapse-mobile wp-block-buttons align-left-desktop\">\n<div id=\"wp-block-themeisle-blocks-button-20025083\" class=\"wp-block-themeisle-blocks-button wp-block-button\"><a target=\"_self\" rel=\"noopener noreferrer\" class=\"wp-block-button__link\"><span>Nous rencontrer<\/span><\/a><\/div>\n<\/div>\n<\/div>\n<\/div><\/section>\n<\/div>\n<\/div><\/section>\n\n\n\n<div id=\"wp-block-themeisle-blocks-advanced-columns-a3adeb93\" class=\"wp-block-themeisle-blocks-advanced-columns alignfull has-1-columns has-desktop-equal-layout has-tablet-equal-layout has-mobile-collapsedRows-layout has-reverse-columns-mobile has-vertical-bottom ticss-c00aadba has-dark-bg\"><div class=\"wp-block-themeisle-blocks-advanced-columns-overlay\"><\/div><div class=\"innerblocks-wrap\">\n<div id=\"wp-block-themeisle-blocks-advanced-column-4b546bba\" class=\"wp-block-themeisle-blocks-advanced-column\">\n<h2 id=\"wp-block-themeisle-blocks-advanced-heading-fb3c7a39\" class=\"wp-block-themeisle-blocks-advanced-heading wp-block-themeisle-blocks-advanced-heading-fb3c7a39\">Facturation \u00e9lectronique<\/h2>\n\n\n\n<p class=\"has-text-align-center has-text-color has-medium-font-size\" style=\"color:#fefefe\">Restez inform\u00e9s, d\u00e9couvrez notre guide pratique. Nos \u00e9quipes vous accompagnent dans vos obligation sur la r\u00e9forme.<\/p>\n\n\n\n<div class=\"wp-block-buttons is-content-justification-center is-layout-flex wp-container-core-buttons-is-layout-16018d1d wp-block-buttons-is-layout-flex\">\n<div class=\"wp-block-button is-style-primary\"><a class=\"wp-block-button__link wp-element-button\" href=\"https:\/\/www.crowe.com\/fr\/fiduroc\/services\/facturation-electronique\" target=\"_blank\" rel=\"noreferrer noopener\">Voir la page<\/a><\/div>\n<\/div>\n<\/div>\n<\/div><\/div>\n\n\n\n<div id=\"wp-block-themeisle-blocks-advanced-columns-678cc482\" class=\"wp-block-themeisle-blocks-advanced-columns alignfull has-1-columns has-desktop-equal-layout has-tablet-equal-layout has-mobile-collapsedRows-layout has-reverse-columns-mobile has-vertical-bottom ticss-c00aadba has-light-bg\"><div class=\"wp-block-themeisle-blocks-advanced-columns-overlay\"><\/div><div class=\"innerblocks-wrap\">\n<div id=\"wp-block-themeisle-blocks-advanced-column-4d412c51\" class=\"wp-block-themeisle-blocks-advanced-column\">\n<hr class=\"wp-block-separator has-text-color has-alpha-channel-opacity has-background is-style-wide\" style=\"background-color:#f5a800;color:#f5a800\"\/>\n\n\n\n<h2 class=\"wp-block-heading has-nv-dark-bg-color has-text-color has-link-color wp-elements-ce94969a7bcdb0bc0e5352786da62629\">Comptex, filiale du Groupe Fiduroc<\/h2>\n\n\n\n<p class=\"has-text-align-left has-nv-dark-bg-color has-text-color has-medium-font-size\">Le cabinet <strong>Comptex<\/strong> fait partie du <strong>Groupe Fiduroc<\/strong> depuis 2022, avec une direction reprise par Hubert Philippe, Expert-Comptable et Commissaire aux Comptes. <\/p>\n\n\n\n<p class=\"has-text-align-left has-nv-dark-bg-color has-text-color has-medium-font-size\">Aujourd&rsquo;hui, le cabinet rochefortais franchit une \u00e9tape essentielle et rejoint le r\u00e9seau International <strong>Crowe Global<\/strong> au travers du parrainage du <strong>Groupe Fiduroc<\/strong>.<\/p>\n<\/div>\n<\/div><\/div>\n\n\n\n<div id=\"wp-block-themeisle-blocks-advanced-columns-35825447\" class=\"wp-block-themeisle-blocks-advanced-columns alignfull has-2-columns has-desktop-equal-layout has-tablet-equal-layout has-mobile-collapsedRows-layout has-vertical-center ticss-c00aadba\"><div class=\"wp-block-themeisle-blocks-advanced-columns-overlay\"><\/div><div class=\"innerblocks-wrap\">\n<div id=\"wp-block-themeisle-blocks-advanced-column-ed1b12ac\" class=\"wp-block-themeisle-blocks-advanced-column ticss-d80d53fb\">\n<h2 id=\"wp-block-themeisle-blocks-advanced-heading-907f81bb\" class=\"wp-block-themeisle-blocks-advanced-heading wp-block-themeisle-blocks-advanced-heading-907f81bb\">\u00c9volution temporaire du site web de Comptex<\/h2>\n\n\n\n<p id=\"wp-block-themeisle-blocks-advanced-heading-248b54fb\" class=\"wp-block-themeisle-blocks-advanced-heading wp-block-themeisle-blocks-advanced-heading-248b54fb\">En Mars 2025, notre cabinet d&rsquo;expertise-comptable int\u00e8gre le r\u00e9seau international <strong>Crowe Global<\/strong>. <br><\/p>\n\n\n\n<p class=\"has-nv-text-dark-bg-color has-text-color has-link-color wp-elements-71e4b23a46a92c556fa181b292e10c46\"><strong>Crowe Global <\/strong>est le <strong>8\u00e8me r\u00e9seau mondial<\/strong> d\u2019audit, d\u2019expertise comptable et de conseil, qui regroupe <strong>plus de 200&nbsp;cabinets<\/strong>, avec presque <strong>800 implantations<\/strong> dans <strong>130 pays<\/strong>.<\/p>\n\n\n\n<p class=\"has-nv-text-dark-bg-color has-text-color has-link-color wp-elements-9411206b6320f49731581675422c9567\"><strong>Comptex<\/strong> rejoint \u00e9galement <strong>Crowe France<\/strong>, le r\u00e9seau fran\u00e7ais de cabinets ind\u00e9pendants d\u2019audit, d\u2019expertise comptable et de conseil. Ce r\u00e9seau rassemble une <strong>quinzaine de cabinets<\/strong> sur le territoire et en Outre-Mer, avec plus de<strong> 1200 professionnels<\/strong>.<\/p>\n\n\n\n<p class=\"has-nv-text-dark-bg-color has-text-color has-link-color wp-elements-35fd092ac6d1b496450635db21387bf3\">Cette int\u00e9gration engendre<strong> une \u00e9volution de notre identit\u00e9 visuelle<\/strong>, et <strong>un remaniement de nous outils de communication<\/strong>. <\/p>\n\n\n\n<div class=\"wp-block-buttons is-layout-flex wp-block-buttons-is-layout-flex\">\n<div class=\"wp-block-button\"><a class=\"wp-block-button__link has-text-color has-background has-link-color wp-element-button\" href=\"https:\/\/www.crowe.com\/fr\/fiduroc\/about-us\/crowe-global\" style=\"color:#003f9f;background-color:#f5a800\" target=\"_blank\" rel=\"noreferrer noopener\">Crowe Global<\/a><\/div>\n\n\n\n<div class=\"wp-block-button\"><a class=\"wp-block-button__link has-text-color has-background has-link-color wp-element-button\" href=\"https:\/\/www.fondsdedotation-crowe-france.fr\/qui-sommes-nous\/\" style=\"color:#003f9f;background-color:#d7761d\" target=\"_blank\" rel=\"noreferrer noopener\">Crowe France<\/a><\/div>\n<\/div>\n\n\n\n<p><\/p>\n<\/div>\n\n\n\n<div id=\"wp-block-themeisle-blocks-advanced-column-fedc9d47\" class=\"wp-block-themeisle-blocks-advanced-column\">\n<figure class=\"wp-block-image size-full\" id=\"wp-block-themeisle-blocks-image-40e6a594\"><img loading=\"lazy\" decoding=\"async\" width=\"864\" height=\"864\" src=\"https:\/\/www.comptex17.fr\/wp-content\/uploads\/2025\/03\/Gif-Crowe-Comptex.gif\" alt=\"\" class=\"wp-image-650\" style=\"aspect-ratio:1;object-fit:cover\"\/><\/figure>\n<\/div>\n<\/div><\/div>\n\n\n\n<div id=\"wp-block-themeisle-blocks-advanced-columns-6e65acfb\" class=\"wp-block-themeisle-blocks-advanced-columns alignfull has-2-columns has-desktop-equal-layout has-tablet-equal-layout has-mobile-collapsedRows-layout has-vertical-top ticss-c00aadba\"><div class=\"wp-block-themeisle-blocks-advanced-columns-overlay\"><\/div><div class=\"innerblocks-wrap\">\n<div id=\"wp-block-themeisle-blocks-advanced-column-f4333eeb\" class=\"wp-block-themeisle-blocks-advanced-column\">\n<h2 id=\"wp-block-themeisle-blocks-advanced-heading-360f5b02\" class=\"wp-block-themeisle-blocks-advanced-heading wp-block-themeisle-blocks-advanced-heading-360f5b02\">Ce qui change pour vous ?<\/h2>\n\n\n\n<p><strong>Comptex<\/strong> continue de vous accueillir comme auparavant dans ses bureaux du <strong>7 Quai Joseph Bellot \u00e0 Rochefort<\/strong>. Notre identit\u00e9 visuelle se transforme, mais <strong>la continuit\u00e9 de vos services est assur\u00e9e<\/strong> pour tous nos clients.<\/p>\n\n\n\n<p class=\"has-nv-dark-bg-color has-text-color has-link-color wp-elements-83279d3bf4d7f159e777dd6fcbface4e\">Notre \u00e9quipe reste \u00e0 votre \u00e9coute au <strong>05 46 87 02 12,<\/strong> avec la possibilit\u00e9 de joindre votre interlocuteur\/trice habituel-le en rajoutant <strong>son num\u00e9ro de poste<\/strong> \u00e0 celui du cabinet (pendant le message d&rsquo;accueil t\u00e9l\u00e9phonique, tapez les 3 chiffres du poste indiqu\u00e9 dans les mails).<\/p>\n\n\n\n<h3 class=\"wp-block-heading\">Vous avez des questions ?<\/h3>\n\n\n\n<p>Laissez nous un message, nous reviendrons vers vous rapidement.<\/p>\n\n\n\n<div class=\"wp-block-buttons is-layout-flex wp-block-buttons-is-layout-flex\">\n<div class=\"wp-block-button is-style-primary\"><a class=\"wp-block-button__link has-text-color has-background has-link-color wp-element-button\" style=\"color:#003f9f;background-color:#f5a800\">Contactez-nous<\/a><\/div>\n<\/div>\n<\/div>\n\n\n\n<div id=\"wp-block-themeisle-blocks-advanced-column-78ae8ec1\" class=\"wp-block-themeisle-blocks-advanced-column\">\n<figure class=\"wp-block-image size-full\"><img loading=\"lazy\" decoding=\"async\" width=\"2560\" height=\"1902\" src=\"https:\/\/www.comptex17.fr\/wp-content\/uploads\/2025\/03\/comptex2-scaled.jpg\" alt=\"\" class=\"wp-image-500\" srcset=\"https:\/\/www.comptex17.fr\/wp-content\/uploads\/2025\/03\/comptex2-scaled.jpg 2560w, https:\/\/www.comptex17.fr\/wp-content\/uploads\/2025\/03\/comptex2-300x223.jpg 300w, https:\/\/www.comptex17.fr\/wp-content\/uploads\/2025\/03\/comptex2-1024x761.jpg 1024w, https:\/\/www.comptex17.fr\/wp-content\/uploads\/2025\/03\/comptex2-768x571.jpg 768w, https:\/\/www.comptex17.fr\/wp-content\/uploads\/2025\/03\/comptex2-1536x1141.jpg 1536w, https:\/\/www.comptex17.fr\/wp-content\/uploads\/2025\/03\/comptex2-2048x1522.jpg 2048w\" sizes=\"auto, (max-width: 2560px) 100vw, 2560px\" \/><\/figure>\n<\/div>\n<\/div><\/div>\n\n\n\n<div id=\"wp-block-themeisle-blocks-advanced-columns-a2946a77\" class=\"wp-block-themeisle-blocks-advanced-columns alignfull has-2-columns has-desktop-equal-layout has-tablet-equal-layout has-mobile-collapsedRows-layout has-vertical-center ticss-a2946a77 has-dark-bg\"><div class=\"wp-block-themeisle-blocks-advanced-columns-overlay\"><\/div><div class=\"innerblocks-wrap\">\n<div id=\"wp-block-themeisle-blocks-advanced-column-bbddf55b\" class=\"wp-block-themeisle-blocks-advanced-column\"><div class=\"wp-block-image\">\n<figure class=\"aligncenter size-full is-resized\"><img loading=\"lazy\" decoding=\"async\" width=\"600\" height=\"600\" src=\"https:\/\/www.comptex17.fr\/wp-content\/uploads\/2025\/03\/Sans-titre-3.png\" alt=\"\" class=\"wp-image-717\" style=\"width:187px;height:auto\" srcset=\"https:\/\/www.comptex17.fr\/wp-content\/uploads\/2025\/03\/Sans-titre-3.png 600w, https:\/\/www.comptex17.fr\/wp-content\/uploads\/2025\/03\/Sans-titre-3-300x300.png 300w, https:\/\/www.comptex17.fr\/wp-content\/uploads\/2025\/03\/Sans-titre-3-150x150.png 150w\" sizes=\"auto, (max-width: 600px) 100vw, 600px\" \/><figcaption class=\"wp-element-caption\">Hubert PHILIPPE<br>Expert-Comptable<\/figcaption><\/figure>\n<\/div><\/div>\n\n\n\n<div id=\"wp-block-themeisle-blocks-advanced-column-92b2db05\" class=\"wp-block-themeisle-blocks-advanced-column\">\n<p id=\"wp-block-themeisle-blocks-advanced-heading-82f63cc5\" class=\"wp-block-themeisle-blocks-advanced-heading wp-block-themeisle-blocks-advanced-heading-82f63cc5\"><strong>Smart Decisions. LASTING VALUE.<\/strong><\/p>\n\n\n\n<h2 id=\"wp-block-themeisle-blocks-advanced-heading-8f1f2647\" class=\"wp-block-themeisle-blocks-advanced-heading wp-block-themeisle-blocks-advanced-heading-8f1f2647\">Rencontrez nos experts<\/h2>\n\n\n\n<p class=\"has-white-color has-text-color\">Entour\u00e9 de 10 collaborateurs pluridisciplinaires, l&rsquo;\u00e9quipe du cabinet <strong>Comptex<\/strong> continue de vous accompagner au quotidien, sur toutes les \u00e9tapes de la vie de votre entreprise :&nbsp;cr\u00e9ation, choix du r\u00e9gime et du statut,&nbsp;comptabilit\u00e9&nbsp;et&nbsp;fiscalit\u00e9,&nbsp;missions sociales, assistance en cas de difficult\u00e9s, cession ou reprise, cessation d\u2019activit\u00e9.<\/p>\n\n\n\n<p><strong>Vous recherchez un cabinet pour g\u00e9rer votre projet ?<\/strong><\/p>\n\n\n\n<div class=\"wp-block-buttons is-layout-flex wp-block-buttons-is-layout-flex\">\n<div class=\"wp-block-button is-style-primary\"><a class=\"wp-block-button__link has-text-color has-background has-link-color wp-element-button\" href=\"https:\/\/www.comptex17.fr\/?page_id=2\" style=\"color:#002e62;background-color:#f5a800\">Contactez-nous<\/a><\/div>\n<\/div>\n<\/div>\n<\/div><\/div>\n\n\n\n<p><\/p>\n","protected":false},"excerpt":{"rendered":"","protected":false},"author":1,"featured_media":0,"parent":0,"menu_order":0,"comment_status":"closed","ping_status":"closed","template":"","meta":{"neve_meta_sidebar":"full-width","neve_meta_container":"contained","neve_meta_enable_content_width":"on","neve_meta_content_width":100,"neve_meta_title_alignment":"center","neve_meta_author_avatar":"","neve_post_elements_order":"","neve_meta_disable_header":"","neve_meta_disable_footer":"","neve_meta_disable_title":"on","_themeisle_gutenberg_block_has_review":false,"footnotes":""},"class_list":["post-8","page","type-page","status-publish","hentry"],"_links":{"self":[{"href":"https:\/\/www.comptex17.fr\/index.php?rest_route=\/wp\/v2\/pages\/8","targetHints":{"allow":["GET"]}}],"collection":[{"href":"https:\/\/www.comptex17.fr\/index.php?rest_route=\/wp\/v2\/pages"}],"about":[{"href":"https:\/\/www.comptex17.fr\/index.php?rest_route=\/wp\/v2\/types\/page"}],"author":[{"embeddable":true,"href":"https:\/\/www.comptex17.fr\/index.php?rest_route=\/wp\/v2\/users\/1"}],"replies":[{"embeddable":true,"href":"https:\/\/www.comptex17.fr\/index.php?rest_route=%2Fwp%2Fv2%2Fcomments&post=8"}],"version-history":[{"count":5,"href":"https:\/\/www.comptex17.fr\/index.php?rest_route=\/wp\/v2\/pages\/8\/revisions"}],"predecessor-version":[{"id":736,"href":"https:\/\/www.comptex17.fr\/index.php?rest_route=\/wp\/v2\/pages\/8\/revisions\/736"}],"wp:attachment":[{"href":"https:\/\/www.comptex17.fr\/index.php?rest_route=%2Fwp%2Fv2%2Fmedia&parent=8"}],"curies":[{"name":"wp","href":"https:\/\/api.w.org\/{rel}","templated":true}]}}